{"id":342,"date":"2012-07-02T16:20:04","date_gmt":"2012-07-02T16:20:04","guid":{"rendered":"http:\/\/www.anzeigio.de\/?page_id=342"},"modified":"2019-06-17T08:04:38","modified_gmt":"2019-06-17T06:04:38","slug":"impressum","status":"publish","type":"page","link":"https:\/\/www.anzeigio.de\/magazin\/impressum\/","title":{"rendered":"Impressum"},"content":{"rendered":"<p><strong>anzeigio | Magazin f\u00fcr Smart City, eCommerce und Digitalisierung der Stadt <\/strong><\/p>\n<p><a href=\"http:\/\/www.anzeigio.de\" rel=\"noopener\" target=\"_blank\">www.anzeigio.de <\/a><\/p>\n<p>Herausgeber: Dipl.-Ing. Michael H. Springer <\/p>\n<p>(V.i.S.d.P. und verantwortlich im Sinne des \u00a7 55 Abs.2 RStV)<\/p>\n<p>Alt-Lankwitz 42 | 12247 Berlin | info@anzeigio.de  <\/p>\n<p>fon: + 49 030 85619717<br \/>\nfax: + 49 030 85619704<\/p>\n<p>BETA-PHASE: Diese Seite befindet sich noch im Aufbau.<br \/>\n<em>Gleitende Updates sind vorbehalten. Bitte jeweils Release-Versionen von Beitr\u00e4gen und Dokumenten beachten!<\/em><\/p>\n<p>Anforderung von unverbindlichen Media-Informationen: info@anzeigio.de  <\/p>\n<p>Abonnement und Akkreditierung im SmartCity-Media-System: akkreditierung@anzeigio.de  <\/p>\n<hr>\n<p><strong>Medienkonditionen: Typus &#8222;Subskriptions-\u00d6konomie&#8220; f\u00fcr inklusive digitale-soziale Marktwirtschaft*<\/strong><\/p>\n<p>&#8211; Premium-Abonnenten der fairen-Leser-Abos im Mediennetzwerk, Berlin (Jahresbeitrag 120 \u20ac incl. MWST.)<br \/>\n&#8211; Werbepartner (ab 240 \u20ac pro Jahr + 19% MWST.)<br \/>\n&#8211; SmartCity-Partner ( Jahres-Abo ab 360 \u20ac + 19% MWST.)<br \/>\n&#8211; Corporate Tarif und PR-Tarif ab 696 \u20ac + 19% MWST. *)<\/p>\n<p><em>* Corporate Tarif &#038; PR-Tarif werden nach Aufwand bemessen (News, Funktionen, Marketing u.a.) hierf\u00fcr wird eine Jahresbuchung und Jahreskampagne zugrunde gelegt. Ein Festpreis-Angebot regelt vereinbarte Preise<\/em><\/p>\n<p>Zus\u00e4tzliche Marketing-Leistungen nach Katalog:<br \/>\n<strong>PREISLISTE<\/strong> f\u00fcr abonnierte Anzeigen und Display-Elemente &#038; RichMedia-Content + Reichweiten-Syndication<\/p>\n<p>Zus\u00e4tzliche Marketing-Leistungen f\u00fcr Projekte mit IoT-Narrowbands (LoRaWan, Sigfox, u.a.) nach Katalog:<br \/>\n<strong>PREISLISTE<\/strong> f\u00fcr Web + IoT + public IoT + infra IoT + business IoT (nicht \u00f6ffentlich )<\/p>\n<p>Projekte f\u00fcr HTTP, XMPP, CoAPP und MQTT k\u00f6nnen ab sofort implementiert werden. Start f\u00fcr Regelbetrieb an 1\/2020.<\/p>\n<hr>\n<p><strong>PREISE &#038; KONDITIONEN f\u00fcr Consulting + Pilotprojekte &#8211; Media-Startups<\/strong><br \/>\n( Smart City Offices: LONDON &#8211; BERLIN &#8211; EU &#8211; PUNE &#8211; SHENZHEN &#8211; TOKYO )<\/p>\n<p><strong>Digital Cities, News &#038; Media-Holding Ltd. London  i.G.<\/strong><br \/>\n36 Old Jewry | London EC2R 8DD<\/p>\n<p>Register: Companies House Gov.UK (Registration starts in July 2019)<br \/>\nFinanzamt f\u00fcr K\u00f6rperschaften Berlin \/ HRG AG Charlottenburg (in Vorbereitung)<\/p>\n<p><em>Kontakt bitte \u00fcber info@anzeigio.com   (Englisch &#8211; Deutsch) <\/em><\/p>\n","protected":false},"excerpt":{"rendered":"<p>anzeigio | Magazin f\u00fcr Smart City, eCommerce und Digitalisierung der Stadt www.anzeigio.de Herausgeber: Dipl.-Ing. Michael H. Springer (V.i.S.d.P. und verantwortlich im Sinne des \u00a7 55 Abs.2 RStV) Alt-Lankwitz 42 | 12247 Berlin | info@anzeigio.de fon: + 49 030 85619717 fax: + 49 030 85619704 BETA-PHASE: Diese Seite befindet sich noch im Aufbau. Gleitende Updates sind [&hellip;]<\/p>\n","protected":false},"author":1,"featured_media":0,"parent":0,"menu_order":0,"comment_status":"closed","ping_status":"closed","template":"","meta":{"footnotes":""},"class_list":["post-342","page","type-page","status-publish","hentry"],"_links":{"self":[{"href":"https:\/\/www.anzeigio.de\/magazin\/wp-json\/wp\/v2\/pages\/342","targetHints":{"allow":["GET"]}}],"collection":[{"href":"https:\/\/www.anzeigio.de\/magazin\/wp-json\/wp\/v2\/pages"}],"about":[{"href":"https:\/\/www.anzeigio.de\/magazin\/wp-json\/wp\/v2\/types\/page"}],"author":[{"embeddable":true,"href":"https:\/\/www.anzeigio.de\/magazin\/wp-json\/wp\/v2\/users\/1"}],"replies":[{"embeddable":true,"href":"https:\/\/www.anzeigio.de\/magazin\/wp-json\/wp\/v2\/comments?post=342"}],"version-history":[{"count":3,"href":"https:\/\/www.anzeigio.de\/magazin\/wp-json\/wp\/v2\/pages\/342\/revisions"}],"predecessor-version":[{"id":725,"href":"https:\/\/www.anzeigio.de\/magazin\/wp-json\/wp\/v2\/pages\/342\/revisions\/725"}],"wp:attachment":[{"href":"https:\/\/www.anzeigio.de\/magazin\/wp-json\/wp\/v2\/media?parent=342"}],"curies":[{"name":"wp","href":"https:\/\/api.w.org\/{rel}","templated":true}]}}