{"id":23,"date":"2019-06-16T09:00:14","date_gmt":"2019-06-16T07:00:14","guid":{"rendered":"https:\/\/www.anzeigio.de\/magazin\/?page_id=23"},"modified":"2019-06-17T08:25:52","modified_gmt":"2019-06-17T06:25:52","slug":"smartcity-charta-berlin","status":"publish","type":"page","link":"https:\/\/www.anzeigio.de\/magazin\/smartcity-charta-berlin\/","title":{"rendered":"SmartCity-Charta Berlin"},"content":{"rendered":"<p>Die digitalen Technologien m\u00fcssen weltweit zivilisiert, kommunalisiert und humanisiert werden. Aus urbanen Lebensr\u00e4umen der Citizens m\u00fcssen k\u00fcnftig auch sozio\u00f6konomisch funktionierende Stadtsysteme entwickelt werden.<\/p>\n<p>Die wichtigsten Instrumente f\u00fcr diesen Transformationsprozess m\u00fcssen in &#8222;SmartCities und connected SmartRegion&#8220; entwickelt werden. <\/p>\n<p>Arbeitsgrundlage ist die Agenda der &#8222;Cities Coalition of Digital Rights&#8220;:  <a href=\"https:\/\/citiesfordigitalrights.org\" rel=\"noopener\" target=\"_blank\">https:\/\/citiesfordigitalrights.org<\/a><\/p>\n<p>Mit der anzeigio SmartCity-Charta entsteht ein lauff\u00e4higer Entwurf f\u00fcr eine technologieoffene und analog-digitale &#8222;Offene Stadtgesellschaft&#8220;, die B\u00fcrgerechte, Stadtfreiheit und Stadtrechte und transaktions\u00f6konomische Regeln als &#8222;Anforderungs-Framework in technologisch ausf\u00fchrbare Funktionen (technologieoffen) \u00fcbersetzt.<\/p>\n<p>Die anzeigio SmartCity-Charta wird exklusiv auch f\u00fcr Presseverlage und journalistische Medien lizenziert, sodass diese frei und unabh\u00e4ngig in ihren Verbreitungsgebieten eigenwirtschaftliche Anzeigensysteme und digitale Gesch\u00e4ftsprozesse aufbauen k\u00f6nnen.<\/p>\n<p>Die anzeigio SmartCity-Charta wird damit zu einer weltweit nutzbaren Strategie, wie Journalismus k\u00fcnftig als eigenwirtschaftlicher und freier Wirtschafts- und Verlagsprozess gestaltet werden kann. Jede Zeitung kann k\u00fcnftig in jeder SmartCity zur Plattform werden, die Stadtfreiheit, Pressefreiheit und analog-digitale inklusive soziale Marktwirtschaft sichert und als pressefreie und synergiebildende Institution zur optimal n\u00fctzlichen Regulierungsbasis wird. <\/p>\n<hr>\n<p><strong>OPEN CALL: BERLINER SMARTCITY CHARTA<\/strong><\/p>\n<p>Unter dem Motto &#8222;Einfach. SmartCity. Machen: Berlin&#8220; ist jeder Citizen in Berlin eingeladen, eigene Gedanken und Anforderungen an die k\u00fcnftige BERLINER SMARTCITY CHARTA zu formulieren. <\/p>\n<p>Alle Institutionen sind aufgerufen, bis zur n\u00e4chsten Kommunalwahl im Jahr 2021 eine durch Beschlu\u00df des Berliner Abgeordnetenhauses und der 12 Bezirksverordnetenversammlungen legitimierte BERLINER SMARTCITY CHARTA zu verabschieden, die konform zur Agenda der &#8222;Cities Coalition of Digital Rights&#8220; formuliert wird.<\/p>\n<p>Alle Institutionen, damit sind der Regierende B\u00fcrgermeister, alle Parteien, die Berliner Wirtschaft, die in der Initiative Mehrwert Berlin zusammengeschlossenen landeseigenen Betriebe, die Berliner Senatsverwaltungen und vor allem die Justiz, Verfassungsschutzorgane und Polizei Berlin &#8211; sowie Feuerwehr und alle Sozialverb\u00e4nde und Freien Tr\u00e4ger und Vereine aufgerufen.<\/p>\n<p>F\u00fcr den Agenda-Prozess wird es noch eigene redaktionelle Rubriken und Internetseiten geben, die k\u00fcnftig in der neuen Metropolenzeitung zu finden sind.<\/p>\n<p>Auch die Berliner Tageszeitungsredaktionen und Verlage sind eingeladen, denn hinter &#8222;Einfach. SmartCity. Machen: Berlin&#8220; und dem Konzept BERLINER SMARTCITY CHARTA steckt ein &#8222;Konzert von Konzepten&#8220;, das die &#8222;Unersetzlichkeit von Journalismus&#8220; f\u00fcr die menschliche Zivilisation aufzeigt, und die ganze Metropole zum 891,61 km\u00b2 gro\u00dfen Nachrichtenraum und zur Redaktionsplattform macht. Journalisten, Moderatoren und Erkl\u00e4r-Journalisten bekommen k\u00fcnftig die Aufgabe, zur Transparenz und zur Syntegration der Stadtgesellschaft beizutragen.<\/p>\n<p><strong>OPEN CALL: BERLINER SMARTCITY CHARTA:<\/strong><\/p>\n<p>Ideen und Vorschl\u00e4ge k\u00f6nnen unter dem Stichwort PROPOSAL BERLINER SMARTCITY CHARTA an alle Bezirkszeitungen eingesendet werden, oder an info@anzeigio.de<\/p>\n<p>Autor: Dipl.Ing. Michael Springer , Stand 17.6.2019 V.01<\/p>\n","protected":false},"excerpt":{"rendered":"<p>Die digitalen Technologien m\u00fcssen weltweit zivilisiert, kommunalisiert und humanisiert werden. Aus urbanen Lebensr\u00e4umen der Citizens m\u00fcssen k\u00fcnftig auch sozio\u00f6konomisch funktionierende Stadtsysteme entwickelt werden. Die wichtigsten Instrumente f\u00fcr diesen Transformationsprozess m\u00fcssen in &#8222;SmartCities und connected SmartRegion&#8220; entwickelt werden. Arbeitsgrundlage ist die Agenda der &#8222;Cities Coalition of Digital Rights&#8220;: https:\/\/citiesfordigitalrights.org Mit der anzeigio SmartCity-Charta entsteht ein lauff\u00e4higer [&hellip;]<\/p>\n","protected":false},"author":1,"featured_media":723,"parent":0,"menu_order":0,"comment_status":"closed","ping_status":"closed","template":"","meta":{"footnotes":""},"class_list":["post-23","page","type-page","status-publish","has-post-thumbnail","hentry"],"_links":{"self":[{"href":"https:\/\/www.anzeigio.de\/magazin\/wp-json\/wp\/v2\/pages\/23","targetHints":{"allow":["GET"]}}],"collection":[{"href":"https:\/\/www.anzeigio.de\/magazin\/wp-json\/wp\/v2\/pages"}],"about":[{"href":"https:\/\/www.anzeigio.de\/magazin\/wp-json\/wp\/v2\/types\/page"}],"author":[{"embeddable":true,"href":"https:\/\/www.anzeigio.de\/magazin\/wp-json\/wp\/v2\/users\/1"}],"replies":[{"embeddable":true,"href":"https:\/\/www.anzeigio.de\/magazin\/wp-json\/wp\/v2\/comments?post=23"}],"version-history":[{"count":3,"href":"https:\/\/www.anzeigio.de\/magazin\/wp-json\/wp\/v2\/pages\/23\/revisions"}],"predecessor-version":[{"id":726,"href":"https:\/\/www.anzeigio.de\/magazin\/wp-json\/wp\/v2\/pages\/23\/revisions\/726"}],"wp:featuredmedia":[{"embeddable":true,"href":"https:\/\/www.anzeigio.de\/magazin\/wp-json\/wp\/v2\/media\/723"}],"wp:attachment":[{"href":"https:\/\/www.anzeigio.de\/magazin\/wp-json\/wp\/v2\/media?parent=23"}],"curies":[{"name":"wp","href":"https:\/\/api.w.org\/{rel}","templated":true}]}}